{"id":10816,"date":"2026-05-12T23:18:37","date_gmt":"2026-05-13T04:18:37","guid":{"rendered":"https:\/\/fundacionbrazosdedios.com\/?page_id=10816"},"modified":"2026-05-12T23:22:35","modified_gmt":"2026-05-13T04:22:35","slug":"noticias","status":"publish","type":"page","link":"https:\/\/fundacionbrazosdedios.com\/?page_id=10816","title":{"rendered":"Noticias"},"content":{"rendered":"\t\t<div data-elementor-type=\"wp-page\" data-elementor-id=\"10816\" class=\"elementor elementor-10816\" data-elementor-post-type=\"page\">\n\t\t\t\t<div class=\"elementor-element elementor-element-034bb9a e-flex e-con-boxed e-con e-parent\" data-id=\"034bb9a\" data-element_type=\"container\">\n\t\t\t\t\t<div class=\"e-con-inner\">\n\t\t\t\t<div class=\"elementor-element elementor-element-a73c735 elementor-grid-3 elementor-grid-tablet-2 elementor-grid-mobile-1 elementor-posts--thumbnail-top elementor-posts--show-avatar elementor-card-shadow-yes elementor-posts__hover-gradient elementor-widget elementor-widget-posts\" data-id=\"a73c735\" data-element_type=\"widget\" data-settings=\"{&quot;cards_masonry&quot;:&quot;yes&quot;,&quot;cards_columns&quot;:&quot;3&quot;,&quot;cards_columns_tablet&quot;:&quot;2&quot;,&quot;cards_columns_mobile&quot;:&quot;1&quot;,&quot;cards_row_gap&quot;:{&quot;unit&quot;:&quot;px&quot;,&quot;size&quot;:35,&quot;sizes&quot;:[]},&quot;cards_row_gap_tablet&quot;:{&quot;unit&quot;:&quot;px&quot;,&quot;size&quot;:&quot;&quot;,&quot;sizes&quot;:[]},&quot;cards_row_gap_mobile&quot;:{&quot;unit&quot;:&quot;px&quot;,&quot;size&quot;:&quot;&quot;,&quot;sizes&quot;:[]}}\" data-widget_type=\"posts.cards\">\n\t\t\t\t<div class=\"elementor-widget-container\">\n\t\t\t<link rel=\"stylesheet\" href=\"https:\/\/fundacionbrazosdedios.com\/wp-content\/plugins\/elementor-pro\/assets\/css\/widget-posts.min.css\">\t\t<div class=\"elementor-posts-container elementor-posts elementor-posts--skin-cards elementor-grid\">\n\t\t\t\t<article class=\"elementor-post elementor-grid-item post-10748 post type-post status-publish format-standard has-post-thumbnail hentry category-noticias\">\n\t\t\t<div class=\"elementor-post__card\">\n\t\t\t\t<a class=\"elementor-post__thumbnail__link\" href=\"https:\/\/fundacionbrazosdedios.com\/?p=10748\" tabindex=\"-1\" ><div class=\"elementor-post__thumbnail\"><img fetchpriority=\"high\" decoding=\"async\" width=\"300\" height=\"186\" src=\"https:\/\/fundacionbrazosdedios.com\/wp-content\/uploads\/2026\/05\/refrigerio2-300x186.jpeg\" class=\"attachment-medium size-medium wp-image-10749\" alt=\"\" srcset=\"https:\/\/fundacionbrazosdedios.com\/wp-content\/uploads\/2026\/05\/refrigerio2-300x186.jpeg 300w, https:\/\/fundacionbrazosdedios.com\/wp-content\/uploads\/2026\/05\/refrigerio2-1024x634.jpeg 1024w, https:\/\/fundacionbrazosdedios.com\/wp-content\/uploads\/2026\/05\/refrigerio2-768x475.jpeg 768w, https:\/\/fundacionbrazosdedios.com\/wp-content\/uploads\/2026\/05\/refrigerio2-1536x951.jpeg 1536w, https:\/\/fundacionbrazosdedios.com\/wp-content\/uploads\/2026\/05\/refrigerio2-600x371.jpeg 600w, https:\/\/fundacionbrazosdedios.com\/wp-content\/uploads\/2026\/05\/refrigerio2.jpeg 1562w\" sizes=\"(max-width: 300px) 100vw, 300px\" \/><\/div><\/a>\n\t\t\t\t<div class=\"elementor-post__badge\">Noticias<\/div>\n\t\t\t\t<div class=\"elementor-post__avatar\">\n\t\t\t<img alt='admin' src='https:\/\/secure.gravatar.com\/avatar\/5fe3daa098899e6cdede3e06cf4e4116f84ae5c295014567fdedc4057e8ce880?s=128&#038;d=mm&#038;r=g' srcset='https:\/\/secure.gravatar.com\/avatar\/5fe3daa098899e6cdede3e06cf4e4116f84ae5c295014567fdedc4057e8ce880?s=256&#038;d=mm&#038;r=g 2x' class='avatar avatar-128 photo' height='128' width='128' \/>\t\t<\/div>\n\t\t\t\t<div class=\"elementor-post__text\">\n\t\t\t\t<h3 class=\"elementor-post__title\">\n\t\t\t<a href=\"https:\/\/fundacionbrazosdedios.com\/?p=10748\" >\n\t\t\t\tLa Fundaci\u00f3n Brazos de Dios da un nuevo paso por el bienestar de nuestros ni\u00f1os\t\t\t<\/a>\n\t\t<\/h3>\n\t\t\t\t<div class=\"elementor-post__excerpt\">\n\t\t\t<p>La Fundaci\u00f3n Brazos de Dios contin\u00faa trabajando con amor y compromiso por el bienestar integral de la ni\u00f1ez, y hoy queremos compartir con la comunidad<\/p>\n\t\t<\/div>\n\t\t\n\t\t<a class=\"elementor-post__read-more\" href=\"https:\/\/fundacionbrazosdedios.com\/?p=10748\" aria-label=\"Read more about La Fundaci\u00f3n Brazos de Dios da un nuevo paso por el bienestar de nuestros ni\u00f1os\" tabindex=\"-1\" >\n\t\t\tLeer m\u00e1s \u00bb\t\t<\/a>\n\n\t\t\t\t<\/div>\n\t\t\t\t<div class=\"elementor-post__meta-data\">\n\t\t\t\t\t<span class=\"elementor-post-date\">\n\t\t\tmayo 12, 2026\t\t<\/span>\n\t\t\t\t<span class=\"elementor-post-avatar\">\n\t\t\tNo hay comentarios\t\t<\/span>\n\t\t\t\t<\/div>\n\t\t\t\t\t<\/div>\n\t\t<\/article>\n\t\t\t\t<article class=\"elementor-post elementor-grid-item post-10743 post type-post status-publish format-standard has-post-thumbnail hentry category-noticias tag-clases-de-robotica\">\n\t\t\t<div class=\"elementor-post__card\">\n\t\t\t\t<a class=\"elementor-post__thumbnail__link\" href=\"https:\/\/fundacionbrazosdedios.com\/?p=10743\" tabindex=\"-1\" ><div class=\"elementor-post__thumbnail\"><img decoding=\"async\" width=\"300\" height=\"161\" src=\"https:\/\/fundacionbrazosdedios.com\/wp-content\/uploads\/2026\/05\/robtica4-300x161.jpg\" class=\"attachment-medium size-medium wp-image-10744\" alt=\"\" srcset=\"https:\/\/fundacionbrazosdedios.com\/wp-content\/uploads\/2026\/05\/robtica4-300x161.jpg 300w, https:\/\/fundacionbrazosdedios.com\/wp-content\/uploads\/2026\/05\/robtica4-1024x549.jpg 1024w, https:\/\/fundacionbrazosdedios.com\/wp-content\/uploads\/2026\/05\/robtica4-768x412.jpg 768w, https:\/\/fundacionbrazosdedios.com\/wp-content\/uploads\/2026\/05\/robtica4-1536x824.jpg 1536w, https:\/\/fundacionbrazosdedios.com\/wp-content\/uploads\/2026\/05\/robtica4-750x400.jpg 750w, https:\/\/fundacionbrazosdedios.com\/wp-content\/uploads\/2026\/05\/robtica4-600x322.jpg 600w, https:\/\/fundacionbrazosdedios.com\/wp-content\/uploads\/2026\/05\/robtica4.jpg 1599w\" sizes=\"(max-width: 300px) 100vw, 300px\" \/><\/div><\/a>\n\t\t\t\t<div class=\"elementor-post__badge\">Noticias<\/div>\n\t\t\t\t<div class=\"elementor-post__avatar\">\n\t\t\t<img alt='admin' src='https:\/\/secure.gravatar.com\/avatar\/5fe3daa098899e6cdede3e06cf4e4116f84ae5c295014567fdedc4057e8ce880?s=128&#038;d=mm&#038;r=g' srcset='https:\/\/secure.gravatar.com\/avatar\/5fe3daa098899e6cdede3e06cf4e4116f84ae5c295014567fdedc4057e8ce880?s=256&#038;d=mm&#038;r=g 2x' class='avatar avatar-128 photo' height='128' width='128' \/>\t\t<\/div>\n\t\t\t\t<div class=\"elementor-post__text\">\n\t\t\t\t<h3 class=\"elementor-post__title\">\n\t\t\t<a href=\"https:\/\/fundacionbrazosdedios.com\/?p=10743\" >\n\t\t\t\tParticipa de las clases de rob\u00f3tica cada 15 d\u00edas\t\t\t<\/a>\n\t\t<\/h3>\n\t\t\t\t<div class=\"elementor-post__excerpt\">\n\t\t\t<p>La Fundaci\u00f3n Brazos de Dios invita a todos los ni\u00f1os y ni\u00f1as a participar cada viernes en las emocionantes clases de rob\u00f3tica, un espacio dise\u00f1ado<\/p>\n\t\t<\/div>\n\t\t\n\t\t<a class=\"elementor-post__read-more\" href=\"https:\/\/fundacionbrazosdedios.com\/?p=10743\" aria-label=\"Read more about Participa de las clases de rob\u00f3tica cada 15 d\u00edas\" tabindex=\"-1\" >\n\t\t\tLeer m\u00e1s \u00bb\t\t<\/a>\n\n\t\t\t\t<\/div>\n\t\t\t\t<div class=\"elementor-post__meta-data\">\n\t\t\t\t\t<span class=\"elementor-post-date\">\n\t\t\tmayo 12, 2026\t\t<\/span>\n\t\t\t\t<span class=\"elementor-post-avatar\">\n\t\t\tNo hay comentarios\t\t<\/span>\n\t\t\t\t<\/div>\n\t\t\t\t\t<\/div>\n\t\t<\/article>\n\t\t\t\t<article class=\"elementor-post elementor-grid-item post-118 post type-post status-publish format-standard has-post-thumbnail hentry category-noticias\">\n\t\t\t<div class=\"elementor-post__card\">\n\t\t\t\t<a class=\"elementor-post__thumbnail__link\" href=\"https:\/\/fundacionbrazosdedios.com\/?p=118\" tabindex=\"-1\" ><div class=\"elementor-post__thumbnail\"><img decoding=\"async\" width=\"300\" height=\"108\" src=\"https:\/\/fundacionbrazosdedios.com\/wp-content\/uploads\/2026\/05\/IMG-300x108.jpg\" class=\"attachment-medium size-medium wp-image-120\" alt=\"\" srcset=\"https:\/\/fundacionbrazosdedios.com\/wp-content\/uploads\/2026\/05\/IMG-300x108.jpg 300w, https:\/\/fundacionbrazosdedios.com\/wp-content\/uploads\/2026\/05\/IMG-600x215.jpg 600w, https:\/\/fundacionbrazosdedios.com\/wp-content\/uploads\/2026\/05\/IMG-1024x367.jpg 1024w, https:\/\/fundacionbrazosdedios.com\/wp-content\/uploads\/2026\/05\/IMG-768x276.jpg 768w, https:\/\/fundacionbrazosdedios.com\/wp-content\/uploads\/2026\/05\/IMG-1536x551.jpg 1536w, https:\/\/fundacionbrazosdedios.com\/wp-content\/uploads\/2026\/05\/IMG-2048x735.jpg 2048w\" sizes=\"(max-width: 300px) 100vw, 300px\" \/><\/div><\/a>\n\t\t\t\t<div class=\"elementor-post__badge\">Noticias<\/div>\n\t\t\t\t<div class=\"elementor-post__avatar\">\n\t\t\t<img alt='admin' src='https:\/\/secure.gravatar.com\/avatar\/5fe3daa098899e6cdede3e06cf4e4116f84ae5c295014567fdedc4057e8ce880?s=128&#038;d=mm&#038;r=g' srcset='https:\/\/secure.gravatar.com\/avatar\/5fe3daa098899e6cdede3e06cf4e4116f84ae5c295014567fdedc4057e8ce880?s=256&#038;d=mm&#038;r=g 2x' class='avatar avatar-128 photo' height='128' width='128' \/>\t\t<\/div>\n\t\t\t\t<div class=\"elementor-post__text\">\n\t\t\t\t<h3 class=\"elementor-post__title\">\n\t\t\t<a href=\"https:\/\/fundacionbrazosdedios.com\/?p=118\" >\n\t\t\t\tEstamos renovando nuestra calidad de R\u00e9gimen Especial ante la DIAN\t\t\t<\/a>\n\t\t<\/h3>\n\t\t\t\t<div class=\"elementor-post__excerpt\">\n\t\t\t<p>La Fundaci\u00f3n Brazos de Dios, en cumplimiento de la normatividad y disposiciones establecidas por la legislaci\u00f3n colombiana aplicable a las Entidades Sin \u00c1nimo de Lucro<\/p>\n\t\t<\/div>\n\t\t\n\t\t<a class=\"elementor-post__read-more\" href=\"https:\/\/fundacionbrazosdedios.com\/?p=118\" aria-label=\"Read more about Estamos renovando nuestra calidad de R\u00e9gimen Especial ante la DIAN\" tabindex=\"-1\" >\n\t\t\tLeer m\u00e1s \u00bb\t\t<\/a>\n\n\t\t\t\t<\/div>\n\t\t\t\t<div class=\"elementor-post__meta-data\">\n\t\t\t\t\t<span class=\"elementor-post-date\">\n\t\t\tmayo 12, 2026\t\t<\/span>\n\t\t\t\t<span class=\"elementor-post-avatar\">\n\t\t\tNo hay comentarios\t\t<\/span>\n\t\t\t\t<\/div>\n\t\t\t\t\t<\/div>\n\t\t<\/article>\n\t\t\t\t<article class=\"elementor-post elementor-grid-item post-100 post type-post status-publish format-standard has-post-thumbnail hentry category-como-ayudar category-voluntariado\">\n\t\t\t<div class=\"elementor-post__card\">\n\t\t\t\t<a class=\"elementor-post__thumbnail__link\" href=\"https:\/\/fundacionbrazosdedios.com\/?p=100\" tabindex=\"-1\" ><div class=\"elementor-post__thumbnail\"><img loading=\"lazy\" decoding=\"async\" width=\"300\" height=\"139\" src=\"https:\/\/fundacionbrazosdedios.com\/wp-content\/uploads\/2026\/05\/ban-1-300x139.png\" class=\"attachment-medium size-medium wp-image-10810\" alt=\"\" srcset=\"https:\/\/fundacionbrazosdedios.com\/wp-content\/uploads\/2026\/05\/ban-1-300x139.png 300w, https:\/\/fundacionbrazosdedios.com\/wp-content\/uploads\/2026\/05\/ban-1-1024x474.png 1024w, https:\/\/fundacionbrazosdedios.com\/wp-content\/uploads\/2026\/05\/ban-1-768x355.png 768w, https:\/\/fundacionbrazosdedios.com\/wp-content\/uploads\/2026\/05\/ban-1-600x278.png 600w, https:\/\/fundacionbrazosdedios.com\/wp-content\/uploads\/2026\/05\/ban-1.png 1180w\" sizes=\"(max-width: 300px) 100vw, 300px\" \/><\/div><\/a>\n\t\t\t\t<div class=\"elementor-post__badge\">\u00bfC\u00f3mo ayudar?<\/div>\n\t\t\t\t<div class=\"elementor-post__avatar\">\n\t\t\t<img alt='admin' src='https:\/\/secure.gravatar.com\/avatar\/5fe3daa098899e6cdede3e06cf4e4116f84ae5c295014567fdedc4057e8ce880?s=128&#038;d=mm&#038;r=g' srcset='https:\/\/secure.gravatar.com\/avatar\/5fe3daa098899e6cdede3e06cf4e4116f84ae5c295014567fdedc4057e8ce880?s=256&#038;d=mm&#038;r=g 2x' class='avatar avatar-128 photo' height='128' width='128' \/>\t\t<\/div>\n\t\t\t\t<div class=\"elementor-post__text\">\n\t\t\t\t<h3 class=\"elementor-post__title\">\n\t\t\t<a href=\"https:\/\/fundacionbrazosdedios.com\/?p=100\" >\n\t\t\t\tVoluntariado\t\t\t<\/a>\n\t\t<\/h3>\n\t\t\t\t<div class=\"elementor-post__excerpt\">\n\t\t\t<p>Voluntariado: Unidos para Transformar Vidas En la Fundaci\u00f3n Brazos de Dios trabajamos con la firme convicci\u00f3n de generar un impacto positivo en la sociedad, especialmente<\/p>\n\t\t<\/div>\n\t\t\n\t\t<a class=\"elementor-post__read-more\" href=\"https:\/\/fundacionbrazosdedios.com\/?p=100\" aria-label=\"Read more about Voluntariado\" tabindex=\"-1\" >\n\t\t\tLeer m\u00e1s \u00bb\t\t<\/a>\n\n\t\t\t\t<\/div>\n\t\t\t\t<div class=\"elementor-post__meta-data\">\n\t\t\t\t\t<span class=\"elementor-post-date\">\n\t\t\tmayo 12, 2026\t\t<\/span>\n\t\t\t\t<span class=\"elementor-post-avatar\">\n\t\t\tNo hay comentarios\t\t<\/span>\n\t\t\t\t<\/div>\n\t\t\t\t\t<\/div>\n\t\t<\/article>\n\t\t\t\t<article class=\"elementor-post elementor-grid-item post-96 post type-post status-publish format-standard hentry category-como-ayudar category-refrigerios\">\n\t\t\t<div class=\"elementor-post__card\">\n\t\t\t\t<div class=\"elementor-post__text\">\n\t\t\t\t<h3 class=\"elementor-post__title\">\n\t\t\t<a href=\"https:\/\/fundacionbrazosdedios.com\/?p=96\" >\n\t\t\t\tRefrigerios Saludables\t\t\t<\/a>\n\t\t<\/h3>\n\t\t\t\t<div class=\"elementor-post__excerpt\">\n\t\t\t<p>Refrigerios Saludables Tambi\u00e9n puedes apoyar a los ni\u00f1os de la Fundaci\u00f3n Brazos de Dios donando refrigerios en especie (fruta, avena, leche, huevos, pan, queso) o,<\/p>\n\t\t<\/div>\n\t\t\n\t\t<a class=\"elementor-post__read-more\" href=\"https:\/\/fundacionbrazosdedios.com\/?p=96\" aria-label=\"Read more about Refrigerios Saludables\" tabindex=\"-1\" >\n\t\t\tLeer m\u00e1s \u00bb\t\t<\/a>\n\n\t\t\t\t<\/div>\n\t\t\t\t<div class=\"elementor-post__meta-data\">\n\t\t\t\t\t<span class=\"elementor-post-date\">\n\t\t\tmayo 12, 2026\t\t<\/span>\n\t\t\t\t<span class=\"elementor-post-avatar\">\n\t\t\tNo hay comentarios\t\t<\/span>\n\t\t\t\t<\/div>\n\t\t\t\t\t<\/div>\n\t\t<\/article>\n\t\t\t\t<article class=\"elementor-post elementor-grid-item post-94 post type-post status-publish format-standard hentry category-como-ayudar category-convenios\">\n\t\t\t<div class=\"elementor-post__card\">\n\t\t\t\t<div class=\"elementor-post__text\">\n\t\t\t\t<h3 class=\"elementor-post__title\">\n\t\t\t<a href=\"https:\/\/fundacionbrazosdedios.com\/?p=94\" >\n\t\t\t\tConvenios\t\t\t<\/a>\n\t\t<\/h3>\n\t\t\t\t<div class=\"elementor-post__excerpt\">\n\t\t\t<p>CONVENIOS La Fundaci\u00f3n Brazos de Dios ha venido desarrollando importantes convenios con diversas instituciones educativas de car\u00e1cter t\u00e9cnico, tecnol\u00f3gico y superior, entre ellas la Universidad<\/p>\n\t\t<\/div>\n\t\t\n\t\t<a class=\"elementor-post__read-more\" href=\"https:\/\/fundacionbrazosdedios.com\/?p=94\" aria-label=\"Read more about Convenios\" tabindex=\"-1\" >\n\t\t\tLeer m\u00e1s \u00bb\t\t<\/a>\n\n\t\t\t\t<\/div>\n\t\t\t\t<div class=\"elementor-post__meta-data\">\n\t\t\t\t\t<span class=\"elementor-post-date\">\n\t\t\tmayo 12, 2026\t\t<\/span>\n\t\t\t\t<span class=\"elementor-post-avatar\">\n\t\t\tNo hay comentarios\t\t<\/span>\n\t\t\t\t<\/div>\n\t\t\t\t\t<\/div>\n\t\t<\/article>\n\t\t\t\t<\/div>\n\t\t\n\t\t\t\t<\/div>\n\t\t\t\t<\/div>\n\t\t\t\t\t<\/div>\n\t\t\t\t<\/div>\n\t\t\t\t<\/div>\n\t\t","protected":false},"excerpt":{"rendered":"","protected":false},"author":1,"featured_media":0,"parent":0,"menu_order":0,"comment_status":"closed","ping_status":"closed","template":"","meta":{"give_campaign_id":0,"inline_featured_image":false,"footnotes":""},"class_list":["post-10816","page","type-page","status-publish","hentry"],"aioseo_notices":[],"campaignId":"","_links":{"self":[{"href":"https:\/\/fundacionbrazosdedios.com\/index.php?rest_route=\/wp\/v2\/pages\/10816","targetHints":{"allow":["GET"]}}],"collection":[{"href":"https:\/\/fundacionbrazosdedios.com\/index.php?rest_route=\/wp\/v2\/pages"}],"about":[{"href":"https:\/\/fundacionbrazosdedios.com\/index.php?rest_route=\/wp\/v2\/types\/page"}],"author":[{"embeddable":true,"href":"https:\/\/fundacionbrazosdedios.com\/index.php?rest_route=\/wp\/v2\/users\/1"}],"replies":[{"embeddable":true,"href":"https:\/\/fundacionbrazosdedios.com\/index.php?rest_route=%2Fwp%2Fv2%2Fcomments&post=10816"}],"version-history":[{"count":3,"href":"https:\/\/fundacionbrazosdedios.com\/index.php?rest_route=\/wp\/v2\/pages\/10816\/revisions"}],"predecessor-version":[{"id":10824,"href":"https:\/\/fundacionbrazosdedios.com\/index.php?rest_route=\/wp\/v2\/pages\/10816\/revisions\/10824"}],"wp:attachment":[{"href":"https:\/\/fundacionbrazosdedios.com\/index.php?rest_route=%2Fwp%2Fv2%2Fmedia&parent=10816"}],"curies":[{"name":"wp","href":"https:\/\/api.w.org\/{rel}","templated":true}]}}